{"id":5131,"date":"2018-11-17T09:48:56","date_gmt":"2018-11-17T08:48:56","guid":{"rendered":"https:\/\/volet-roulant16.paris\/?page_id=5131"},"modified":"2025-11-14T09:20:50","modified_gmt":"2025-11-14T09:20:50","slug":"accueil","status":"publish","type":"page","link":"https:\/\/allo-plombier-paris13.fr\/","title":{"rendered":"Accueil"},"content":{"rendered":"<div id='layer_slider_1'  class='avia-layerslider main_color avia-shadow  avia-builder-el-0  el_before_av_layout_row  avia-builder-el-first  container_wrap fullsize'  style='height: 481px;'  ><\/div>\n<div id='av-layout-grid-1'  class='av-layout-grid-container av-kwgj0aqu-92083d2b2a6f12249848a9d8152b8a04 entry-content-wrapper main_color av-flex-cells  avia-builder-el-1  el_after_av_layerslider  el_before_av_section  av-cell-min-height av-cell-min-height-10 grid-row-not-first  container_wrap fullsize'   data-av_minimum_height_pc='10'>\n\n<style type=\"text\/css\" data-created_by=\"avia_inline_auto\" id=\"style-css-av-kwgiyc3q-edb3d13891734f8ceeb6d81be39f3029\">\n.flex_cell.av-kwgiyc3q-edb3d13891734f8ceeb6d81be39f3029{\nvertical-align:top;\nbackground-color:#006faf;\nbackground:linear-gradient( to right, #006faf, #5db6ea );\n}\n.responsive #top #wrap_all .flex_cell.av-kwgiyc3q-edb3d13891734f8ceeb6d81be39f3029{\npadding:30px 30px 30px 30px !important;\n}\n<\/style>\n<div class='flex_cell av-kwgiyc3q-edb3d13891734f8ceeb6d81be39f3029 av-gridrow-cell av_one_full no_margin  avia-builder-el-2  avia-builder-el-no-sibling  content-align-top'  ><div class='flex_cell_inner'><p><div class='flex_column_table av-5un22j-c97b8314f2b9ba9ad3e8cbf347def557 sc-av_one_third av-equal-height-column-flextable'>\n<style type=\"text\/css\" data-created_by=\"avia_inline_auto\" id=\"style-css-av-5un22j-c97b8314f2b9ba9ad3e8cbf347def557\">\n.flex_column.av-5un22j-c97b8314f2b9ba9ad3e8cbf347def557{\nborder-width:5px;\nborder-color:#ffffff;\nborder-style:solid;\nborder-radius:20px 20px 20px 20px;\npadding:60px 60px 60px 60px;\n}\n<\/style>\n<div  class='flex_column av-5un22j-c97b8314f2b9ba9ad3e8cbf347def557 av_one_third  avia-builder-el-3  el_before_av_one_third  avia-builder-el-first  first flex_column_table_cell av-equal-height-column av-align-middle av-hide-on-mobile  '     ><p>\n<style type=\"text\/css\" data-created_by=\"avia_inline_auto\" id=\"style-css-av-kwgkiqjn-b77cb7df4299041e2ffe80ea0270c58f\">\n.avia-image-container.av-kwgkiqjn-b77cb7df4299041e2ffe80ea0270c58f img.avia_image{\nbox-shadow:none;\n}\n.avia-image-container.av-kwgkiqjn-b77cb7df4299041e2ffe80ea0270c58f .av-image-caption-overlay-center{\ncolor:#ffffff;\n}\n<\/style>\n<div  class='avia-image-container av-kwgkiqjn-b77cb7df4299041e2ffe80ea0270c58f av-styling- avia-align-center  avia-builder-el-4  el_before_av_image  avia-builder-el-first '   itemprop=\"image\" itemscope=\"itemscope\" itemtype=\"https:\/\/schema.org\/ImageObject\" ><div class=\"avia-image-container-inner\"><div class=\"avia-image-overlay-wrap\"><img decoding=\"async\" fetchpriority=\"high\" class='wp-image-6039 avia-img-lazy-loading-not-6039 avia_image ' src=\"https:\/\/allo-plombier-paris13.fr\/wp-content\/uploads\/2025\/10\/intervention-plomberie.png\" alt='' title='intervention-plomberie'  height=\"102\" width=\"102\"  itemprop=\"thumbnailUrl\" srcset=\"https:\/\/allo-plombier-paris13.fr\/wp-content\/uploads\/2025\/10\/intervention-plomberie.png 102w, https:\/\/allo-plombier-paris13.fr\/wp-content\/uploads\/2025\/10\/intervention-plomberie-80x80.png 80w, https:\/\/allo-plombier-paris13.fr\/wp-content\/uploads\/2025\/10\/intervention-plomberie-36x36.png 36w\" sizes=\"(max-width: 102px) 100vw, 102px\" \/><\/div><\/div><\/div><br \/>\n\n<style type=\"text\/css\" data-created_by=\"avia_inline_auto\" id=\"style-css-av-kwgkih78-c5aab4ef74decbf6bdde41aa5e9908a3\">\n.avia-image-container.av-kwgkih78-c5aab4ef74decbf6bdde41aa5e9908a3 img.avia_image{\nbox-shadow:none;\n}\n.avia-image-container.av-kwgkih78-c5aab4ef74decbf6bdde41aa5e9908a3 .av-image-caption-overlay-center{\ncolor:#ffffff;\n}\n<\/style>\n<div  class='avia-image-container av-kwgkih78-c5aab4ef74decbf6bdde41aa5e9908a3 av-styling- avia-align-center  avia-builder-el-5  el_after_av_image  el_before_av_textblock '   itemprop=\"image\" itemscope=\"itemscope\" itemtype=\"https:\/\/schema.org\/ImageObject\" ><div class=\"avia-image-container-inner\"><div class=\"avia-image-overlay-wrap\"><img decoding=\"async\" fetchpriority=\"high\" class='avia-img-lazy-loading-not- avia_image ' src=\"http:\/\/allo-plombier-paris13.fr\/wp-content\/uploads\/2021\/11\/intervention-plomberie.png\" alt='' title=''   itemprop=\"thumbnailUrl\"  \/><\/div><\/div><\/div><br \/>\n\n<style type=\"text\/css\" data-created_by=\"avia_inline_auto\" id=\"style-css-av-kwgkkigp-aa2bbd8646fa03b26b8086d13af8a207\">\n#top .av_textblock_section.av-kwgkkigp-aa2bbd8646fa03b26b8086d13af8a207 .avia_textblock{\ncolor:#ffffff;\n}\n<\/style>\n<section  class='av_textblock_section av-kwgkkigp-aa2bbd8646fa03b26b8086d13af8a207 '   itemscope=\"itemscope\" itemtype=\"https:\/\/schema.org\/CreativeWork\" ><div class='avia_textblock av_inherit_color'  itemprop=\"text\" ><p style=\"text-align: center;\"><strong>Intervention 24h \/\u00a07J<\/strong><\/p>\n<p style=\"text-align: center;\">D\u00e9pannage plomberie et chauffage sur Paris et sa banlieue<\/p>\n<\/div><\/section><\/p><\/div><div class='av-flex-placeholder'><\/div>\n<style type=\"text\/css\" data-created_by=\"avia_inline_auto\" id=\"style-css-av-5un22j-3-352ffc14227067a384babaa4e1a67fa4\">\n.flex_column.av-5un22j-3-352ffc14227067a384babaa4e1a67fa4{\nborder-width:5px;\nborder-color:#ffffff;\nborder-style:solid;\nborder-radius:20px 20px 20px 20px;\npadding:10px 10px 10px 10px;\n}\n<\/style>\n<div  class='flex_column av-5un22j-3-352ffc14227067a384babaa4e1a67fa4 av_one_third  avia-builder-el-7  el_after_av_one_third  el_before_av_one_third  flex_column_table_cell av-equal-height-column av-align-middle av-hide-on-mobile  '     ><p>\n<style type=\"text\/css\" data-created_by=\"avia_inline_auto\" id=\"style-css-av-afmh7-00f7ebb37a54f088dcbd929fe0fdfa95\">\n.avia-image-container.av-afmh7-00f7ebb37a54f088dcbd929fe0fdfa95 img.avia_image{\nbox-shadow:none;\n}\n.avia-image-container.av-afmh7-00f7ebb37a54f088dcbd929fe0fdfa95 .av-image-caption-overlay-center{\ncolor:#ffffff;\n}\n<\/style>\n<div  class='avia-image-container av-afmh7-00f7ebb37a54f088dcbd929fe0fdfa95 av-styling- avia-align-center  avia-builder-el-8  el_before_av_textblock  avia-builder-el-first '   itemprop=\"image\" itemscope=\"itemscope\" itemtype=\"https:\/\/schema.org\/ImageObject\" ><div class=\"avia-image-container-inner\"><div class=\"avia-image-overlay-wrap\"><img decoding=\"async\" fetchpriority=\"high\" class='wp-image-5672 avia-img-lazy-loading-not-5672 avia_image ' src=\"https:\/\/allo-plombier-paris13.fr\/wp-content\/uploads\/2021\/11\/installation-de-plomberie-et-chauffage.png\" alt='' title='installation-de-plomberie-et-chauffage'  height=\"102\" width=\"102\"  itemprop=\"thumbnailUrl\" srcset=\"https:\/\/allo-plombier-paris13.fr\/wp-content\/uploads\/2021\/11\/installation-de-plomberie-et-chauffage.png 102w, https:\/\/allo-plombier-paris13.fr\/wp-content\/uploads\/2021\/11\/installation-de-plomberie-et-chauffage-80x80.png 80w, https:\/\/allo-plombier-paris13.fr\/wp-content\/uploads\/2021\/11\/installation-de-plomberie-et-chauffage-36x36.png 36w\" sizes=\"(max-width: 102px) 100vw, 102px\" \/><\/div><\/div><\/div><br \/>\n\n<style type=\"text\/css\" data-created_by=\"avia_inline_auto\" id=\"style-css-av-kwgkkwu0-849c59c476ad92d156aac3a60b10f233\">\n#top .av_textblock_section.av-kwgkkwu0-849c59c476ad92d156aac3a60b10f233 .avia_textblock{\ncolor:#ffffff;\n}\n<\/style>\n<section  class='av_textblock_section av-kwgkkwu0-849c59c476ad92d156aac3a60b10f233 '   itemscope=\"itemscope\" itemtype=\"https:\/\/schema.org\/CreativeWork\" ><div class='avia_textblock av_inherit_color'  itemprop=\"text\" ><p style=\"text-align: center;\"><strong>Installation<\/strong><\/p>\n<p style=\"text-align: center;\">Installation\u00a0de vos \u00e9quipements de plomberie et chauffage.<\/p>\n<\/div><\/section><\/p><\/div><div class='av-flex-placeholder'><\/div>\n<style type=\"text\/css\" data-created_by=\"avia_inline_auto\" id=\"style-css-av-5un22j-2-4ea57cff6c39dc0d36c955846a250154\">\n.flex_column.av-5un22j-2-4ea57cff6c39dc0d36c955846a250154{\nborder-width:5px;\nborder-color:#ffffff;\nborder-style:solid;\nborder-radius:20px 20px 20px 20px;\npadding:10px 10px 10px 10px;\n}\n<\/style>\n<div  class='flex_column av-5un22j-2-4ea57cff6c39dc0d36c955846a250154 av_one_third  avia-builder-el-10  el_after_av_one_third  avia-builder-el-last  flex_column_table_cell av-equal-height-column av-align-middle av-hide-on-mobile  '     ><p>\n<style type=\"text\/css\" data-created_by=\"avia_inline_auto\" id=\"style-css-av-kwgkixpj-8c57cbed0d821c8cc93bdb47930d17d0\">\n.avia-image-container.av-kwgkixpj-8c57cbed0d821c8cc93bdb47930d17d0 img.avia_image{\nbox-shadow:none;\n}\n.avia-image-container.av-kwgkixpj-8c57cbed0d821c8cc93bdb47930d17d0 .av-image-caption-overlay-center{\ncolor:#ffffff;\n}\n<\/style>\n<div  class='avia-image-container av-kwgkixpj-8c57cbed0d821c8cc93bdb47930d17d0 av-styling- avia-align-center  avia-builder-el-11  el_before_av_textblock  avia-builder-el-first '   itemprop=\"image\" itemscope=\"itemscope\" itemtype=\"https:\/\/schema.org\/ImageObject\" ><div class=\"avia-image-container-inner\"><div class=\"avia-image-overlay-wrap\"><img decoding=\"async\" fetchpriority=\"high\" class='wp-image-5671 avia-img-lazy-loading-not-5671 avia_image ' src=\"https:\/\/allo-plombier-paris13.fr\/wp-content\/uploads\/2021\/11\/depannage-plombier.png\" alt='' title='d\u00e9pannage-plombier'  height=\"102\" width=\"102\"  itemprop=\"thumbnailUrl\" srcset=\"https:\/\/allo-plombier-paris13.fr\/wp-content\/uploads\/2021\/11\/depannage-plombier.png 102w, https:\/\/allo-plombier-paris13.fr\/wp-content\/uploads\/2021\/11\/depannage-plombier-80x80.png 80w, https:\/\/allo-plombier-paris13.fr\/wp-content\/uploads\/2021\/11\/depannage-plombier-36x36.png 36w\" sizes=\"(max-width: 102px) 100vw, 102px\" \/><\/div><\/div><\/div><br \/>\n\n<style type=\"text\/css\" data-created_by=\"avia_inline_auto\" id=\"style-css-av-kwgklavu-c747c3aae204b3a5b2868ceb2fa1cf65\">\n#top .av_textblock_section.av-kwgklavu-c747c3aae204b3a5b2868ceb2fa1cf65 .avia_textblock{\ncolor:#ffffff;\n}\n<\/style>\n<section  class='av_textblock_section av-kwgklavu-c747c3aae204b3a5b2868ceb2fa1cf65 '   itemscope=\"itemscope\" itemtype=\"https:\/\/schema.org\/CreativeWork\" ><div class='avia_textblock av_inherit_color'  itemprop=\"text\" ><p style=\"text-align: center;\"><strong>D\u00e9pannage<\/strong><\/p>\n<p style=\"text-align: center;\">D\u00e9pannage et r\u00e9paration de plomberie \u00e0 Paris 16.<\/p>\n<\/div><\/section><\/p><\/div><\/div><!--close column table wrapper. Autoclose: 1 --><\/p>\n<\/div><\/div>\n<\/div>\n<div id='av_section_1'  class='avia-section av-abmvrf-4eb521d22fdbc29de51bd4c8765040cd main_color avia-section-default avia-no-border-styling  avia-builder-el-13  el_after_av_layout_row  avia-builder-el-last  avia-bg-style-scroll container_wrap fullsize'  ><div class='container av-section-cont-open' ><div class='template-page content  av-content-full alpha units'><div class='post-entry post-entry-type-page post-entry-5131'><div class='entry-content-wrapper clearfix'>\n<section  class='av_textblock_section av-1yoowb-f6c05181fc4809e11f3ee0deb9802625 '   itemscope=\"itemscope\" itemtype=\"https:\/\/schema.org\/CreativeWork\" ><div class='avia_textblock'  itemprop=\"text\" ><h2>La plomberie moderne : un \u00e9quilibre entre confort, s\u00e9curit\u00e9 et durabilit\u00e9<\/h2>\n<p>La plomberie est un \u00e9l\u00e9ment fondamental de tout b\u00e2timent, qu\u2019il s\u2019agisse de r\u00e9sidences, de bureaux ou d\u2019espaces commerciaux. Elle ne se limite pas \u00e0 l\u2019acheminement de l\u2019eau potable et \u00e0 l\u2019\u00e9vacuation des eaux us\u00e9es : elle conditionne le confort, la sant\u00e9 et la s\u00e9curit\u00e9 des occupants. Une installation de plomberie bien con\u00e7ue et entretenue assure un fonctionnement fiable, r\u00e9duit les risques de dommages et contribue \u00e0 une gestion efficace des ressources en eau.<\/p>\n<h3>Isolation ext\u00e9rieure : une synergie entre plomberie et performance \u00e9nerg\u00e9tique<\/h3>\n<p>Si une plomberie bien pens\u00e9e assure un confort et une s\u00e9curit\u00e9 optimaux, son efficacit\u00e9 peut \u00eatre renforc\u00e9e par une isolation ext\u00e9rieure performante. En limitant les d\u00e9perditions de chaleur et en maintenant une temp\u00e9rature stable dans les murs, l\u2019isolation ext\u00e9rieure r\u00e9duit la demande sur les syst\u00e8mes de chauffage et d\u2019eau chaude, permettant \u00e0 la plomberie de fonctionner de mani\u00e8re plus efficiente. De plus, elle prot\u00e8ge les canalisations contre les variations extr\u00eames de temp\u00e9rature, diminuant les risques de gel ou d\u2019usure pr\u00e9matur\u00e9e. Pour d\u00e9couvrir des solutions adapt\u00e9es et concr\u00e8tes pour renforcer l\u2019isolation de votre habitat tout en optimisant vos installations, <a href=\"https:\/\/bmaction.fr\/isolation-thermique-exterieure\/pas-de-calais\/calais\/\">bmaction.fr<\/a> propose des conseils pratiques et des mat\u00e9riaux innovants.<\/p>\n<h3>1. L\u2019importance de la plomberie dans la vie quotidienne<\/h3>\n<p>Chaque geste du quotidien \u2014 se laver les mains, prendre une douche, cuisiner, nettoyer \u2014 repose sur une plomberie fonctionnelle. La disponibilit\u00e9 imm\u00e9diate d\u2019eau chaude et froide, associ\u00e9e \u00e0 une \u00e9vacuation efficace des eaux us\u00e9es, est indispensable pour maintenir le confort et l\u2019hygi\u00e8ne.<\/p>\n<p>Une plomberie performante ne se contente pas de fournir l\u2019eau : elle prot\u00e8ge \u00e9galement contre les fuites, les infiltrations et les probl\u00e8mes de pression qui peuvent endommager les murs, les sols et les \u00e9quipements. Elle joue un r\u00f4le crucial dans la pr\u00e9servation de l\u2019int\u00e9grit\u00e9 du b\u00e2timent et la s\u00e9curit\u00e9 des occupants.<\/p>\n<h3>2. Conception et planification des installations<\/h3>\n<p>La r\u00e9ussite d\u2019une installation de plomberie d\u00e9pend d\u2019une conception r\u00e9fl\u00e9chie et adapt\u00e9e aux besoins du b\u00e2timent. Chaque circuit d\u2019eau et chaque syst\u00e8me d\u2019\u00e9vacuation doit \u00eatre pens\u00e9 pour optimiser le d\u00e9bit, \u00e9viter les pertes de pression et pr\u00e9venir les obstructions.<\/p>\n<p>La planification inclut le choix des mat\u00e9riaux, des tuyaux et des raccords en fonction de la qualit\u00e9 de l\u2019eau et des usages pr\u00e9vus. Des syst\u00e8mes modernes, comme les tuyaux multicouches ou les conduites en PER, offrent durabilit\u00e9 et flexibilit\u00e9, tout en facilitant les interventions futures.<\/p>\n<h3>3. S\u00e9curit\u00e9 et pr\u00e9vention des risques<\/h3>\n<p>La plomberie n\u2019est pas seulement une question de confort : elle est directement li\u00e9e \u00e0 la s\u00e9curit\u00e9 sanitaire. Des fuites, des eaux stagnantes ou des raccords d\u00e9fectueux peuvent provoquer des moisissures, contaminer l\u2019eau potable et favoriser le d\u00e9veloppement de bact\u00e9ries.<\/p>\n<p>L\u2019installation de dispositifs de s\u00e9curit\u00e9, tels que les clapets anti-retour, les r\u00e9gulateurs de pression ou les syst\u00e8mes de filtration, contribue \u00e0 prot\u00e9ger la sant\u00e9 des occupants et \u00e0 pr\u00e9venir les incidents. La vigilance lors de l\u2019usage quotidien, combin\u00e9e \u00e0 une maintenance r\u00e9guli\u00e8re, est indispensable pour maintenir la s\u00e9curit\u00e9 et la qualit\u00e9 de l\u2019eau.<\/p>\n<h3>4. Entretien et maintenance<\/h3>\n<p>La plomberie moderne exige un entretien r\u00e9gulier pour garantir un fonctionnement optimal. La maintenance pr\u00e9ventive permet de d\u00e9tecter les anomalies, de limiter l\u2019usure des \u00e9quipements et de pr\u00e9venir les fuites ou les blocages.<\/p>\n<p>Les interventions r\u00e9guli\u00e8res incluent le contr\u00f4le des robinets, des tuyaux, des joints et des syst\u00e8mes de chauffage de l\u2019eau. Elles permettent \u00e9galement de v\u00e9rifier la conformit\u00e9 aux normes et de s\u2019assurer que les installations r\u00e9pondent aux besoins actuels des occupants.<\/p>\n<h3>5. Gestion de l\u2019eau et efficacit\u00e9 \u00e9nerg\u00e9tique<\/h3>\n<p>L\u2019eau est une ressource pr\u00e9cieuse, et sa gestion intelligente est un enjeu majeur. Les installations modernes int\u00e8grent des dispositifs visant \u00e0 r\u00e9duire la consommation, tels que les mitigeurs \u00e9conomiseurs, les toilettes \u00e0 faible d\u00e9bit et les syst\u00e8mes de r\u00e9cup\u00e9ration d\u2019eau de pluie.<\/p>\n<p>La plomberie peut \u00e9galement jouer un r\u00f4le dans l\u2019efficacit\u00e9 \u00e9nerg\u00e9tique, en optimisant le chauffage de l\u2019eau et en r\u00e9duisant les pertes dans les circuits. Une coordination avec les syst\u00e8mes de chauffage central ou les chaudi\u00e8res thermodynamiques permet d\u2019\u00e9conomiser de l\u2019\u00e9nergie tout en maintenant un confort optimal.<\/p>\n<h3>6. Plomberie et technologies modernes<\/h3>\n<p>La plomberie \u00e9volue avec les technologies. Les syst\u00e8mes connect\u00e9s permettent de surveiller la consommation d\u2019eau, de d\u00e9tecter les fuites \u00e0 distance et d\u2019alerter les occupants en cas de dysfonctionnement. Ces innovations contribuent \u00e0 la pr\u00e9vention des incidents et \u00e0 la gestion efficace des ressources.<\/p>\n<p>Les solutions intelligentes peuvent \u00e9galement s\u2019int\u00e9grer aux syst\u00e8mes domotiques, offrant un contr\u00f4le centralis\u00e9 du chauffage, de l\u2019eau chaude et des \u00e9quipements sanitaires. Cette int\u00e9gration renforce le confort et facilite la maintenance, tout en optimisant la performance \u00e9nerg\u00e9tique du b\u00e2timent.<\/p>\n<h3>7. Intervention rapide et d\u00e9pannage<\/h3>\n<p>M\u00eame avec une installation bien con\u00e7ue et entretenue, des probl\u00e8mes peuvent survenir : fuite soudaine, obstruction, panne du chauffe-eau ou dysfonctionnement du syst\u00e8me de chauffage. Une intervention rapide est alors essentielle pour limiter les d\u00e9g\u00e2ts et r\u00e9tablir le confort.<\/p>\n<p>Les professionnels de la plomberie disposent des outils et comp\u00e9tences n\u00e9cessaires pour diagnostiquer efficacement les probl\u00e8mes et proposer des solutions adapt\u00e9es. Une r\u00e9action rapide permet de r\u00e9duire les risques de dommages importants et d\u2019assurer la continuit\u00e9 des services essentiels.<\/p>\n<h3>8. Coordination avec les autres syst\u00e8mes du b\u00e2timent<\/h3>\n<p>La plomberie ne fonctionne pas isol\u00e9ment. Elle interagit avec l\u2019\u00e9lectricit\u00e9, le chauffage, la ventilation et m\u00eame l\u2019isolation. Par exemple, une bonne isolation des canalisations r\u00e9duit les pertes de chaleur et limite la consommation d\u2019\u00e9nergie.<\/p>\n<p>De m\u00eame, le positionnement des \u00e9quipements sanitaires doit \u00eatre coordonn\u00e9 avec l\u2019architecture du b\u00e2timent pour garantir accessibilit\u00e9, efficacit\u00e9 et s\u00e9curit\u00e9. Une approche globale permet d\u2019optimiser le fonctionnement de tous les syst\u00e8mes et de cr\u00e9er un environnement harmonieux et durable.<\/p>\n<h3>9. Durabilit\u00e9 et transition \u00e9cologique<\/h3>\n<p>La plomberie moderne s\u2019inscrit dans une d\u00e9marche de durabilit\u00e9. L\u2019utilisation de mat\u00e9riaux r\u00e9sistants, la r\u00e9cup\u00e9ration de l\u2019eau de pluie, la r\u00e9duction des pertes et l\u2019optimisation de la consommation \u00e9nerg\u00e9tique contribuent \u00e0 limiter l\u2019impact environnemental.<\/p>\n<p>L\u2019adoption de solutions innovantes et \u00e9cologiques permet non seulement de pr\u00e9server les ressources, mais aussi de r\u00e9duire les co\u00fbts \u00e0 long terme. Les b\u00e2timents \u00e9quip\u00e9s de syst\u00e8mes durables offrent un confort am\u00e9lior\u00e9 tout en r\u00e9pondant aux exigences environnementales actuelles.<\/p>\n<h3>10. Anticipation des besoins futurs<\/h3>\n<p>Les besoins en plomberie \u00e9voluent avec les modes de vie et les technologies. Une installation flexible et \u00e9volutive permet d\u2019int\u00e9grer facilement de nouveaux \u00e9quipements, d\u2019adopter des solutions \u00e9conomes en \u00e9nergie et d\u2019adapter les syst\u00e8mes aux normes futures.<\/p>\n<p>Pr\u00e9voir des conduites suppl\u00e9mentaires, des points d\u2019acc\u00e8s pour l\u2019entretien et des \u00e9quipements modulables est une strat\u00e9gie gagnante pour garantir la long\u00e9vit\u00e9 et la performance de la plomberie. Cette anticipation est essentielle pour maintenir le confort et la s\u00e9curit\u00e9 dans le temps.<\/p>\n<h3>Conclusion<\/h3>\n<p>La plomberie est bien plus qu\u2019un simple r\u00e9seau de tuyaux : elle est essentielle pour le confort, la s\u00e9curit\u00e9 et l\u2019efficacit\u00e9 des b\u00e2timents. Une installation de qualit\u00e9, combin\u00e9e \u00e0 un entretien r\u00e9gulier et \u00e0 une gestion intelligente de l\u2019eau, contribue \u00e0 cr\u00e9er des espaces fiables, durables et agr\u00e9ables \u00e0 vivre.<\/p>\n<p>L\u2019int\u00e9gration de technologies modernes, la pr\u00e9vention des risques, la maintenance proactive et la coordination avec les autres syst\u00e8mes du b\u00e2timent sont autant d\u2019\u00e9l\u00e9ments qui garantissent une plomberie performante et durable. Dans un contexte o\u00f9 la gestion des ressources et l\u2019efficacit\u00e9 \u00e9nerg\u00e9tique sont des priorit\u00e9s, une approche r\u00e9fl\u00e9chie de la plomberie constitue un investissement essentiel pour le confort et la s\u00e9curit\u00e9 des occupants.<\/p>\n<\/div><\/section>\n\n","protected":false},"excerpt":{"rendered":"","protected":false},"author":1,"featured_media":0,"parent":0,"menu_order":0,"comment_status":"closed","ping_status":"closed","template":"","meta":{"footnotes":""},"class_list":["post-5131","page","type-page","status-publish","hentry"],"_links":{"self":[{"href":"https:\/\/allo-plombier-paris13.fr\/index.php?rest_route=\/wp\/v2\/pages\/5131","targetHints":{"allow":["GET"]}}],"collection":[{"href":"https:\/\/allo-plombier-paris13.fr\/index.php?rest_route=\/wp\/v2\/pages"}],"about":[{"href":"https:\/\/allo-plombier-paris13.fr\/index.php?rest_route=\/wp\/v2\/types\/page"}],"author":[{"embeddable":true,"href":"https:\/\/allo-plombier-paris13.fr\/index.php?rest_route=\/wp\/v2\/users\/1"}],"replies":[{"embeddable":true,"href":"https:\/\/allo-plombier-paris13.fr\/index.php?rest_route=%2Fwp%2Fv2%2Fcomments&post=5131"}],"version-history":[{"count":13,"href":"https:\/\/allo-plombier-paris13.fr\/index.php?rest_route=\/wp\/v2\/pages\/5131\/revisions"}],"predecessor-version":[{"id":6049,"href":"https:\/\/allo-plombier-paris13.fr\/index.php?rest_route=\/wp\/v2\/pages\/5131\/revisions\/6049"}],"wp:attachment":[{"href":"https:\/\/allo-plombier-paris13.fr\/index.php?rest_route=%2Fwp%2Fv2%2Fmedia&parent=5131"}],"curies":[{"name":"wp","href":"https:\/\/api.w.org\/{rel}","templated":true}]}}